{"id":7163,"date":"2025-09-29T19:28:04","date_gmt":"2025-09-29T17:28:04","guid":{"rendered":"https:\/\/trikocirkusteatar.com\/news\/about-us\/"},"modified":"2026-01-04T19:14:14","modified_gmt":"2026-01-04T18:14:14","slug":"about-us-2","status":"publish","type":"page","link":"https:\/\/trikocirkusteatar.com\/en\/about-us-2\/","title":{"rendered":"About us"},"content":{"rendered":"<p><strong>TRIKO CIRCUS THEATRE<\/strong> is a professional independent theatre company founded in 2011. However, the history of Triko goes further back, and its origins are closely linked to several productions that <strong>mark milestones in introducing contemporary circus into Croatian theatre<\/strong>: Zoo Station (2002, ZKM), Poppins Descending (2009, Festival of New Circus), and The Nightingale (2012).<\/p>\n<p>So far, Triko has produced <strong>30 theatre shows<\/strong> \u2014 some for children, some for adults, but most intended for both children and adults alike. A number of these productions were created as coproductions, and some of our collaborators to date include: Cirk Pozor, Mala Scena, Kazali\u0161te Grupa, UO Canta, and Teatar Exit from Zagreb; the City Youth Theatre from Split; and the University of Galway from Ireland.<\/p>\n<p>Members of Triko have also <strong>collaborated with Croatia\u2019s leading drama and opera institutions<\/strong>, including Gavella, the Croatian National Theatre in Zagreb, the Croatian National Theatre in Vara\u017edin, Vatroslav Lisinski Concert Hall, and the Dubrovnik Summer Festival. At the Festival, Triko\u2019s independent production Kaleidoscope participated in 2013 as the first project of its kind to be presented at the Festival.<\/p>\n<p>Our productions have <strong>toured worldwide<\/strong>, with guest performances in Russia, Mexico, the USA, China, Turkey, Belgium, Ireland, Egypt, France, India, Sri Lanka, Italy, and almost all other neighboring countries.<\/p>\n<p>That domestic audiences also recognize the uniqueness and quality of Triko Circus Theatre is most clearly demonstrated by the Audience Award for <strong>Best Independent Theatre in Croatia<\/strong> for the 2011\/2012 season.<\/p>\n<p>In more recent years, our productions Mistero Buffo and Palunkova \u017eena have stood out at every festival in which they participated, and both have received <strong>numerous awards at international festivals<\/strong>.<\/p>\n<p>Under the auspices of Triko Circus Theatre, numerous projects have been developed: <a href=\"https:\/\/trikocirkusteatar.com\/en\/category\/zagreb-clown-festival-en\/\">Zagreb Clown Festival<\/a> \u2013 an international festival of theatrical clowning; Clown Platform \u2013 a series of masterclass workshops for professional performers; Acro Act Lab \u2013 a comprehensive performance training program for acrobats; Circus Express \u2013 a cycle of matin\u00e9e performances for children; and many others.<\/p>\n<p><strong>List of productions:<\/strong><\/p>\n<ol>\n<li>Poppins silazi, 2009. (Poppins Descending)<\/li>\n<li>Vita Min Show, 2011.<\/li>\n<li>Kikiriki, 2011. (Peanut)<\/li>\n<li>Slavuj, 2012. (The Nightingale)<\/li>\n<li>Dvije i pol sestre, 2012. (Two and a Half Sisters)<\/li>\n<li>Iglica, 2013. (Little Needle) (coproduction with Mala scena in Zagreb)<\/li>\n<li>Kaleidoskop, 2013.<\/li>\n<li>No\u0107 \u017eivih klaunova, 2013. (The Night of Living Clowns) (coproduction with University of Galway in Ireland)<\/li>\n<li>Feydeau re mi, 2014.<\/li>\n<li>Snje\u017ena kraljica, 2014. (Snow Queen)<\/li>\n<li>Mala vje\u0161tica, 2015. (Little Witch) (coproduction with Mala scena in Zagreb)<\/li>\n<li>Crna Petra, 2016. (Black Petra) (coproduction with Mala scena in Zagreb)<\/li>\n<li>Skuplja\u010dice tame, 2017. (Gatherers of Darkness)<\/li>\n<li>Triola la la, 2018.<\/li>\n<li>Morana i \u010cupko, 2018.<\/li>\n<li><a href=\"https:\/\/uogrupa.hr\/mistero-buffo\/\">Mistero Buffo<\/a>, 2019. (coproduction with Theatre Grupa)<\/li>\n<li><a href=\"https:\/\/trikocirkusteatar.com\/en\/predstava\/palunkos-wife\/\">Palunkova \u017eena<\/a>, 2019. (Palunko&#8217;s Wife)<\/li>\n<li>Zbilja je proba, 2020. (coproduction with Cirk pozor and UO Canta)<\/li>\n<li>Snjeguljica, 2021. (Snow White)<\/li>\n<li><a href=\"https:\/\/trikocirkusteatar.com\/en\/predstava\/forget-about-dulcinea\/\">Zaboravi na Dulcineu<\/a>, 2021. (Forget About Dulcinea) (coproduction with Cirk pozor and UO Canta)<\/li>\n<li><a href=\"https:\/\/trikocirkusteatar.com\/en\/predstava\/mmmaid\/\">\u0160lu\u0161kinja<\/a>, 2022.<\/li>\n<li>Komik Motion Show, 2022. (coproduction with Luda ku\u0107a and Ivan \u0110uri\u010di\u0107)<\/li>\n<li>Kamionind\u017ee, 2023.<\/li>\n<li><a href=\"https:\/\/trikocirkusteatar.com\/en\/predstava\/internet-geniuses\/\">Internet genijalci<\/a>, 2023. (coproduction with Google.org, Institute for profesional development and Agencija Projektil)<\/li>\n<li>Klopka za dosadu, 2023. (A Trap for Boredom) (coproduction with City Youth Theatre in Split)<\/li>\n<li><a href=\"https:\/\/canta.hr\/propuh-cabaret\/\">Propuh Cabaret<\/a>, 2024. (coproduction with UO Canta)<\/li>\n<li>Komik Motion, 2024. (coproduction with Teatar Exit and Ivan \u0110uri\u010di\u0107)<\/li>\n<li><a href=\"https:\/\/trikocirkusteatar.com\/en\/predstava\/bivak\/\">Bivak<\/a>, 2024. (koprodukcija s Cirk pozorom)<\/li>\n<li><a href=\"https:\/\/trikocirkusteatar.com\/en\/predstava\/tour-de-monde-or-how-to-travel-the-world\/\">Tour de monde ili za\u0161to putovati svijetom<\/a>, 2025. (Tour de Monde or Why Travel the World)<\/li>\n<li>Klaun i Zvijezda, 2025. (Clown and the Star)<\/li>\n<\/ol>\n<p>&nbsp;<\/p>\n<p>dr. sc. <strong>IVA PETER-DRAGAN<\/strong>, Founder and Artistic Director of Triko Circus Theatre<\/p>\n<figure id=\"attachment_7431\" aria-describedby=\"caption-attachment-7431\" style=\"width: 150px\" class=\"wp-caption alignleft\"><img data-recalc-dims=\"1\" decoding=\"async\" class=\"wp-image-7420\" src=\"https:\/\/i0.wp.com\/trikocirkusteatar.com\/wp-content\/uploads\/2026\/01\/Iva-foto-Sasa-A.-Mutic-1.jpg?resize=150%2C200&#038;ssl=1\" alt=\"\" width=\"150\" height=\"200\" srcset=\"https:\/\/i0.wp.com\/trikocirkusteatar.com\/wp-content\/uploads\/2026\/01\/Iva-foto-Sasa-A.-Mutic-1.jpg?w=638&amp;ssl=1 638w, https:\/\/i0.wp.com\/trikocirkusteatar.com\/wp-content\/uploads\/2026\/01\/Iva-foto-Sasa-A.-Mutic-1.jpg?resize=450%2C600&amp;ssl=1 450w\" sizes=\"(max-width: 150px) 100vw, 150px\" \/><figcaption id=\"caption-attachment-7431\" class=\"wp-caption-text\">Iva (photo Sa\u0161a A. Muti\u0107)<\/figcaption><\/figure>\n<p>Iva is an actress, director, and educator who, over her years of professional theatre experience, has participated in numerous national and international productions as an actress, clown, acrobat, choreographer, and director. She is among the first educators in aerial acrobatics in Croatia, as well as a workshop leader in clowning skills.<\/p>\n<p>In 2002, Iva earned her PhD with a dissertation entitled Theatrical Clown: The Performativity of the Comic.<\/p>\n<p>She is a member of the Croatian Association of Dramatic Artists and the Croatian Freelance Artists\u2019 Association.<\/p>\n<p>With the monodrama Palunko&#8217;s Wife, she won four awards at three international festivals: Best Performance and Best Actress at the Trema Festival in Ruma (Serbia, 2023), and the Best Actress Award at international theatre festivals in Sharm el Sheikh (Egypt, 2023) and Colombo (Sri Lanka, 2024).<\/p>\n<p>Throughout her theatre career, Iva has taken part in numerous drama and clowning workshops led by prominent international clowns and comedians.<\/p>\n<p>Alongside developing her clown persona, she has also mastered the following skills: trombone playing, stilt walking, aerial acrobatics, and juggling.<\/p>\n<p>Iva continuously works on professional theatre productions in Croatia as a director, choreographer, and performer.<\/p>\n<p>In terms of television and film experience, Iva participated in the casting of circus artists for major productions (Game of Thrones, Season 2) and worked as a creative coach for variety acts on the television show Supertalent during the 2019, 2020, and 2021 seasons.<\/p>\n<p>Iva is the visionary and artistic director of the projects Zagreb Clown Festival, Clown Platform, Acro Act Lab, Circus Express, and many others, and the founder of the Centre for Education of Contemporary Circus Artists.<\/p>\n","protected":false},"excerpt":{"rendered":"<p>TRIKO CIRCUS THEATRE is a professional independent theatre company founded in 2011. However, the history of Triko goes further back, and its origins are closely linked to several productions that mark milestones in introducing contemporary circus into Croatian theatre: Zoo Station (2002, ZKM), Poppins Descending (2009, Festival of New Circus), and The Nightingale (2012). So [&hellip;]<\/p>\n","protected":false},"author":2,"featured_media":7422,"parent":0,"menu_order":0,"comment_status":"closed","ping_status":"closed","template":"","meta":{"_acf_changed":false,"footnotes":""},"class_list":["post-7163","page","type-page","status-publish","has-post-thumbnail","hentry"],"acf":[],"yoast_head":"<!-- This site is optimized with the Yoast SEO plugin v27.5 - https:\/\/yoast.com\/product\/yoast-seo-wordpress\/ -->\n<title>About us &#8902; Triko Cirkus Teatar<\/title>\n<meta name=\"description\" content=\"Cirkuska umjetnost za svakoga!\" \/>\n<meta name=\"robots\" content=\"index, follow, max-snippet:-1, max-image-preview:large, max-video-preview:-1\" \/>\n<link rel=\"canonical\" href=\"https:\/\/trikocirkusteatar.com\/en\/about-us-2\/\" \/>\n<meta property=\"og:locale\" content=\"en_US\" \/>\n<meta property=\"og:type\" content=\"article\" \/>\n<meta property=\"og:title\" content=\"About us &#8902; Triko Cirkus Teatar\" \/>\n<meta property=\"og:description\" content=\"Cirkuska umjetnost za svakoga!\" \/>\n<meta property=\"og:url\" content=\"https:\/\/trikocirkusteatar.com\/en\/about-us-2\/\" \/>\n<meta property=\"og:site_name\" content=\"Triko Cirkus Teatar\" \/>\n<meta property=\"article:publisher\" content=\"https:\/\/www.facebook.com\/pages\/Triko-Cirkus-Teatar\/192107667588605\" \/>\n<meta property=\"article:modified_time\" content=\"2026-01-04T18:14:14+00:00\" \/>\n<meta property=\"og:image\" content=\"https:\/\/trikocirkusteatar.com\/wp-content\/uploads\/2026\/01\/Naslovna-O-NAMA-sm-niza.jpg\" \/>\n\t<meta property=\"og:image:width\" content=\"1352\" \/>\n\t<meta property=\"og:image:height\" content=\"677\" \/>\n\t<meta property=\"og:image:type\" content=\"image\/jpeg\" \/>\n<meta name=\"twitter:card\" content=\"summary_large_image\" \/>\n<meta name=\"twitter:label1\" content=\"Est. reading time\" \/>\n\t<meta name=\"twitter:data1\" content=\"4 minutes\" \/>\n<script type=\"application\/ld+json\" class=\"yoast-schema-graph\">{\"@context\":\"https:\\\/\\\/schema.org\",\"@graph\":[{\"@type\":\"WebPage\",\"@id\":\"https:\\\/\\\/trikocirkusteatar.com\\\/en\\\/about-us-2\\\/\",\"url\":\"https:\\\/\\\/trikocirkusteatar.com\\\/en\\\/about-us-2\\\/\",\"name\":\"About us &#8902; Triko Cirkus Teatar\",\"isPartOf\":{\"@id\":\"https:\\\/\\\/trikocirkusteatar.com\\\/#website\"},\"primaryImageOfPage\":{\"@id\":\"https:\\\/\\\/trikocirkusteatar.com\\\/en\\\/about-us-2\\\/#primaryimage\"},\"image\":{\"@id\":\"https:\\\/\\\/trikocirkusteatar.com\\\/en\\\/about-us-2\\\/#primaryimage\"},\"thumbnailUrl\":\"https:\\\/\\\/i0.wp.com\\\/trikocirkusteatar.com\\\/wp-content\\\/uploads\\\/2026\\\/01\\\/Naslovna-O-NAMA-sm-niza.jpg?fit=1352%2C677&ssl=1\",\"datePublished\":\"2025-09-29T17:28:04+00:00\",\"dateModified\":\"2026-01-04T18:14:14+00:00\",\"description\":\"Cirkuska umjetnost za svakoga!\",\"breadcrumb\":{\"@id\":\"https:\\\/\\\/trikocirkusteatar.com\\\/en\\\/about-us-2\\\/#breadcrumb\"},\"inLanguage\":\"en-US\",\"potentialAction\":[{\"@type\":\"ReadAction\",\"target\":[\"https:\\\/\\\/trikocirkusteatar.com\\\/en\\\/about-us-2\\\/\"]}]},{\"@type\":\"ImageObject\",\"inLanguage\":\"en-US\",\"@id\":\"https:\\\/\\\/trikocirkusteatar.com\\\/en\\\/about-us-2\\\/#primaryimage\",\"url\":\"https:\\\/\\\/i0.wp.com\\\/trikocirkusteatar.com\\\/wp-content\\\/uploads\\\/2026\\\/01\\\/Naslovna-O-NAMA-sm-niza.jpg?fit=1352%2C677&ssl=1\",\"contentUrl\":\"https:\\\/\\\/i0.wp.com\\\/trikocirkusteatar.com\\\/wp-content\\\/uploads\\\/2026\\\/01\\\/Naslovna-O-NAMA-sm-niza.jpg?fit=1352%2C677&ssl=1\",\"width\":1352,\"height\":677},{\"@type\":\"BreadcrumbList\",\"@id\":\"https:\\\/\\\/trikocirkusteatar.com\\\/en\\\/about-us-2\\\/#breadcrumb\",\"itemListElement\":[{\"@type\":\"ListItem\",\"position\":1,\"name\":\"Po\u010detna stranica\",\"item\":\"https:\\\/\\\/trikocirkusteatar.com\\\/en\\\/homepage\\\/\"},{\"@type\":\"ListItem\",\"position\":2,\"name\":\"About us\"}]},{\"@type\":\"WebSite\",\"@id\":\"https:\\\/\\\/trikocirkusteatar.com\\\/#website\",\"url\":\"https:\\\/\\\/trikocirkusteatar.com\\\/\",\"name\":\"Triko Cirkus Teatar\",\"description\":\"Cirkuska umjetnost za svakog\",\"publisher\":{\"@id\":\"https:\\\/\\\/trikocirkusteatar.com\\\/#organization\"},\"potentialAction\":[{\"@type\":\"SearchAction\",\"target\":{\"@type\":\"EntryPoint\",\"urlTemplate\":\"https:\\\/\\\/trikocirkusteatar.com\\\/?s={search_term_string}\"},\"query-input\":{\"@type\":\"PropertyValueSpecification\",\"valueRequired\":true,\"valueName\":\"search_term_string\"}}],\"inLanguage\":\"en-US\"},{\"@type\":\"Organization\",\"@id\":\"https:\\\/\\\/trikocirkusteatar.com\\\/#organization\",\"name\":\"Triko Cirkus Teatar\",\"url\":\"https:\\\/\\\/trikocirkusteatar.com\\\/\",\"logo\":{\"@type\":\"ImageObject\",\"inLanguage\":\"en-US\",\"@id\":\"https:\\\/\\\/trikocirkusteatar.com\\\/#\\\/schema\\\/logo\\\/image\\\/\",\"url\":\"https:\\\/\\\/i0.wp.com\\\/trikocirkusteatar.com\\\/wp-content\\\/uploads\\\/2021\\\/03\\\/triko.png?fit=800%2C600&ssl=1\",\"contentUrl\":\"https:\\\/\\\/i0.wp.com\\\/trikocirkusteatar.com\\\/wp-content\\\/uploads\\\/2021\\\/03\\\/triko.png?fit=800%2C600&ssl=1\",\"width\":800,\"height\":600,\"caption\":\"Triko Cirkus Teatar\"},\"image\":{\"@id\":\"https:\\\/\\\/trikocirkusteatar.com\\\/#\\\/schema\\\/logo\\\/image\\\/\"},\"sameAs\":[\"https:\\\/\\\/www.facebook.com\\\/pages\\\/Triko-Cirkus-Teatar\\\/192107667588605\",\"https:\\\/\\\/www.instagram.com\\\/trikocirkusteatar\\\/\",\"https:\\\/\\\/www.youtube.com\\\/channel\\\/UC8m97sV_Wi8ltBXzMoxqgXw\\\/featured\"]}]}<\/script>\n<!-- \/ Yoast SEO plugin. -->","yoast_head_json":{"title":"About us &#8902; Triko Cirkus Teatar","description":"Cirkuska umjetnost za svakoga!","robots":{"index":"index","follow":"follow","max-snippet":"max-snippet:-1","max-image-preview":"max-image-preview:large","max-video-preview":"max-video-preview:-1"},"canonical":"https:\/\/trikocirkusteatar.com\/en\/about-us-2\/","og_locale":"en_US","og_type":"article","og_title":"About us &#8902; Triko Cirkus Teatar","og_description":"Cirkuska umjetnost za svakoga!","og_url":"https:\/\/trikocirkusteatar.com\/en\/about-us-2\/","og_site_name":"Triko Cirkus Teatar","article_publisher":"https:\/\/www.facebook.com\/pages\/Triko-Cirkus-Teatar\/192107667588605","article_modified_time":"2026-01-04T18:14:14+00:00","og_image":[{"width":1352,"height":677,"url":"https:\/\/trikocirkusteatar.com\/wp-content\/uploads\/2026\/01\/Naslovna-O-NAMA-sm-niza.jpg","type":"image\/jpeg"}],"twitter_card":"summary_large_image","twitter_misc":{"Est. reading time":"4 minutes"},"schema":{"@context":"https:\/\/schema.org","@graph":[{"@type":"WebPage","@id":"https:\/\/trikocirkusteatar.com\/en\/about-us-2\/","url":"https:\/\/trikocirkusteatar.com\/en\/about-us-2\/","name":"About us &#8902; Triko Cirkus Teatar","isPartOf":{"@id":"https:\/\/trikocirkusteatar.com\/#website"},"primaryImageOfPage":{"@id":"https:\/\/trikocirkusteatar.com\/en\/about-us-2\/#primaryimage"},"image":{"@id":"https:\/\/trikocirkusteatar.com\/en\/about-us-2\/#primaryimage"},"thumbnailUrl":"https:\/\/i0.wp.com\/trikocirkusteatar.com\/wp-content\/uploads\/2026\/01\/Naslovna-O-NAMA-sm-niza.jpg?fit=1352%2C677&ssl=1","datePublished":"2025-09-29T17:28:04+00:00","dateModified":"2026-01-04T18:14:14+00:00","description":"Cirkuska umjetnost za svakoga!","breadcrumb":{"@id":"https:\/\/trikocirkusteatar.com\/en\/about-us-2\/#breadcrumb"},"inLanguage":"en-US","potentialAction":[{"@type":"ReadAction","target":["https:\/\/trikocirkusteatar.com\/en\/about-us-2\/"]}]},{"@type":"ImageObject","inLanguage":"en-US","@id":"https:\/\/trikocirkusteatar.com\/en\/about-us-2\/#primaryimage","url":"https:\/\/i0.wp.com\/trikocirkusteatar.com\/wp-content\/uploads\/2026\/01\/Naslovna-O-NAMA-sm-niza.jpg?fit=1352%2C677&ssl=1","contentUrl":"https:\/\/i0.wp.com\/trikocirkusteatar.com\/wp-content\/uploads\/2026\/01\/Naslovna-O-NAMA-sm-niza.jpg?fit=1352%2C677&ssl=1","width":1352,"height":677},{"@type":"BreadcrumbList","@id":"https:\/\/trikocirkusteatar.com\/en\/about-us-2\/#breadcrumb","itemListElement":[{"@type":"ListItem","position":1,"name":"Po\u010detna stranica","item":"https:\/\/trikocirkusteatar.com\/en\/homepage\/"},{"@type":"ListItem","position":2,"name":"About us"}]},{"@type":"WebSite","@id":"https:\/\/trikocirkusteatar.com\/#website","url":"https:\/\/trikocirkusteatar.com\/","name":"Triko Cirkus Teatar","description":"Cirkuska umjetnost za svakog","publisher":{"@id":"https:\/\/trikocirkusteatar.com\/#organization"},"potentialAction":[{"@type":"SearchAction","target":{"@type":"EntryPoint","urlTemplate":"https:\/\/trikocirkusteatar.com\/?s={search_term_string}"},"query-input":{"@type":"PropertyValueSpecification","valueRequired":true,"valueName":"search_term_string"}}],"inLanguage":"en-US"},{"@type":"Organization","@id":"https:\/\/trikocirkusteatar.com\/#organization","name":"Triko Cirkus Teatar","url":"https:\/\/trikocirkusteatar.com\/","logo":{"@type":"ImageObject","inLanguage":"en-US","@id":"https:\/\/trikocirkusteatar.com\/#\/schema\/logo\/image\/","url":"https:\/\/i0.wp.com\/trikocirkusteatar.com\/wp-content\/uploads\/2021\/03\/triko.png?fit=800%2C600&ssl=1","contentUrl":"https:\/\/i0.wp.com\/trikocirkusteatar.com\/wp-content\/uploads\/2021\/03\/triko.png?fit=800%2C600&ssl=1","width":800,"height":600,"caption":"Triko Cirkus Teatar"},"image":{"@id":"https:\/\/trikocirkusteatar.com\/#\/schema\/logo\/image\/"},"sameAs":["https:\/\/www.facebook.com\/pages\/Triko-Cirkus-Teatar\/192107667588605","https:\/\/www.instagram.com\/trikocirkusteatar\/","https:\/\/www.youtube.com\/channel\/UC8m97sV_Wi8ltBXzMoxqgXw\/featured"]}]}},"_links":{"self":[{"href":"https:\/\/trikocirkusteatar.com\/en\/wp-json\/wp\/v2\/pages\/7163","targetHints":{"allow":["GET"]}}],"collection":[{"href":"https:\/\/trikocirkusteatar.com\/en\/wp-json\/wp\/v2\/pages"}],"about":[{"href":"https:\/\/trikocirkusteatar.com\/en\/wp-json\/wp\/v2\/types\/page"}],"author":[{"embeddable":true,"href":"https:\/\/trikocirkusteatar.com\/en\/wp-json\/wp\/v2\/users\/2"}],"replies":[{"embeddable":true,"href":"https:\/\/trikocirkusteatar.com\/en\/wp-json\/wp\/v2\/comments?post=7163"}],"version-history":[{"count":2,"href":"https:\/\/trikocirkusteatar.com\/en\/wp-json\/wp\/v2\/pages\/7163\/revisions"}],"predecessor-version":[{"id":7435,"href":"https:\/\/trikocirkusteatar.com\/en\/wp-json\/wp\/v2\/pages\/7163\/revisions\/7435"}],"wp:featuredmedia":[{"embeddable":true,"href":"https:\/\/trikocirkusteatar.com\/en\/wp-json\/wp\/v2\/media\/7422"}],"wp:attachment":[{"href":"https:\/\/trikocirkusteatar.com\/en\/wp-json\/wp\/v2\/media?parent=7163"}],"curies":[{"name":"wp","href":"https:\/\/api.w.org\/{rel}","templated":true}]}}